{"id":384,"date":"2023-05-04T09:09:45","date_gmt":"2023-05-04T07:09:45","guid":{"rendered":"https:\/\/www.tennis-illerberg-thal.de\/?page_id=384"},"modified":"2025-08-04T15:47:14","modified_gmt":"2025-08-04T13:47:14","slug":"impressum","status":"publish","type":"page","link":"https:\/\/www.tennis-illerberg-thal.de\/?page_id=384","title":{"rendered":"Impressum"},"content":{"rendered":"\n<p><mark style=\"background-color:rgba(0, 0, 0, 0)\" class=\"has-inline-color has-vivid-cyan-blue-color\">Anbieter:<\/mark><\/p>\n\n\n\n<p>Die Abteilung Tennis des Spiel- und Sportverein Illerberg\/Thal 1948 e. V. <\/p>\n\n\n\n<p>(SSV Illerberg\/Thal)<\/p>\n\n\n\n<p><strong><mark style=\"background-color:rgba(0, 0, 0, 0)\" class=\"has-inline-color has-vivid-cyan-blue-color\">Kontaktadresse der Abteilungsleitung<\/mark><\/strong>:<br>Joachim Hardegger<br>Memminger Str. 62A<br>89269 V\u00f6hringen<br>E-Mail: abteilungsleitung@tennis-illerberg-thal.de<\/p>\n\n\n\n<p><strong>Gestaltung der Internetseiten:<\/strong><br>Susanne Janitschka, V\u00f6hringen-Illerberg<\/p>\n\n\n\n<p><strong>Verantwortlich f\u00fcr den Inhalt der Internetseiten:<\/strong><br>Joachim Hardegger, Abteilungsleitung<\/p>\n","protected":false},"excerpt":{"rendered":"<p>Anbieter: Die Abteilung Tennis des Spiel- und Sportverein Illerberg\/Thal 1948 e. V. (SSV Illerberg\/Thal) Kontaktadresse der Abteilungsleitung:Joachim HardeggerMemminger Str. 62A89269 V\u00f6hringenE-Mail: abteilungsleitung@tennis-illerberg-thal.de Gestaltung der Internetseiten:Susanne Janitschka, V\u00f6hringen-Illerberg Verantwortlich f\u00fcr den Inhalt der Internetseiten:Joachim Hardegger, Abteilungsleitung<\/p>\n","protected":false},"author":2,"featured_media":0,"parent":0,"menu_order":0,"comment_status":"closed","ping_status":"closed","template":"","meta":{"advgb_blocks_editor_width":"","advgb_blocks_columns_visual_guide":"","ngg_post_thumbnail":0,"footnotes":""},"class_list":["post-384","page","type-page","status-publish","hentry","post"],"coauthors":[],"author_meta":{"author_link":"https:\/\/www.tennis-illerberg-thal.de\/?author=2","display_name":"Susanne Janitschka"},"relative_dates":{"created":"Posted 3\u00a0Jahren ago","modified":"Updated 8\u00a0Monaten ago"},"absolute_dates":{"created":"Posted on 4. Mai 2023","modified":"Updated on 4. August 2025"},"absolute_dates_time":{"created":"Posted on 4. Mai 2023 9:09","modified":"Updated on 4. August 2025 15:47"},"featured_img_caption":"","featured_img":false,"series_order":"","_links":{"self":[{"href":"https:\/\/www.tennis-illerberg-thal.de\/index.php?rest_route=\/wp\/v2\/pages\/384","targetHints":{"allow":["GET"]}}],"collection":[{"href":"https:\/\/www.tennis-illerberg-thal.de\/index.php?rest_route=\/wp\/v2\/pages"}],"about":[{"href":"https:\/\/www.tennis-illerberg-thal.de\/index.php?rest_route=\/wp\/v2\/types\/page"}],"author":[{"embeddable":true,"href":"https:\/\/www.tennis-illerberg-thal.de\/index.php?rest_route=\/wp\/v2\/users\/2"}],"replies":[{"embeddable":true,"href":"https:\/\/www.tennis-illerberg-thal.de\/index.php?rest_route=%2Fwp%2Fv2%2Fcomments&post=384"}],"version-history":[{"count":4,"href":"https:\/\/www.tennis-illerberg-thal.de\/index.php?rest_route=\/wp\/v2\/pages\/384\/revisions"}],"predecessor-version":[{"id":638,"href":"https:\/\/www.tennis-illerberg-thal.de\/index.php?rest_route=\/wp\/v2\/pages\/384\/revisions\/638"}],"wp:attachment":[{"href":"https:\/\/www.tennis-illerberg-thal.de\/index.php?rest_route=%2Fwp%2Fv2%2Fmedia&parent=384"}],"curies":[{"name":"wp","href":"https:\/\/api.w.org\/{rel}","templated":true}]}}