{"id":24,"date":"2022-05-18T15:16:14","date_gmt":"2022-05-18T13:16:14","guid":{"rendered":"http:\/\/www.tennis-illerberg-thal.de\/?page_id=24"},"modified":"2025-08-04T15:53:30","modified_gmt":"2025-08-04T13:53:30","slug":"startseite","status":"publish","type":"page","link":"https:\/\/www.tennis-illerberg-thal.de\/","title":{"rendered":"Startseite"},"content":{"rendered":"<div id=\"pl-gb24-69e17cb8238a4\"  class=\"panel-layout wp-block-siteorigin-panels-layout-block\" ><div id=\"pg-gb24-69e17cb8238a4-0\"  class=\"panel-grid panel-has-style\" ><div class=\"wide-grey panel-row-style panel-row-style-for-gb24-69e17cb8238a4-0\" ><div id=\"pgc-gb24-69e17cb8238a4-0-0\"  class=\"panel-grid-cell\" ><div id=\"panel-gb24-69e17cb8238a4-0-0-0\" class=\"so-panel widget widget_headline-widget panel-first-child panel-last-child\" data-index=\"0\" >\t\t<h1>Ein herzliches Hallo an alle Tennisbegeisterten<\/h1>\n\t\t<div class=\"decoration\"><div class=\"decoration-inside\"><\/div><\/div>\n\t\t<h3><\/h3>\n\t\t<\/div><\/div><\/div><\/div><div id=\"pg-gb24-69e17cb8238a4-1\"  class=\"panel-grid panel-no-style\" ><div id=\"pgc-gb24-69e17cb8238a4-1-0\"  class=\"panel-grid-cell\" ><div id=\"panel-gb24-69e17cb8238a4-1-0-0\" class=\"so-panel widget widget_text panel-first-child panel-last-child\" data-index=\"1\" >\t\t\t<div class=\"textwidget\"><p>Die Tennisabteilung SSV Illerberg\/Thal freut sich, \u00fcber Euren Besuch auf unserer Homepage.<\/p>\n<p>Die Sommersaison neigt sich dem Ende zu und auch dieses Jahr war wieder ein ereignisreiches Jahr, mit vielen tollen Spielen im Jugend- und Erwachsenenbereich. Wir hatten verschiedene Events geplant und gemeinsam mit Euch gesellige und sportliche Stunden am Tennisplatz erlebt. Nun beginnt f\u00fcr die Tennisabteilung die etwas ruhigere Zeit. Hier auf unserer Homepage halten wir Euch mit allem Kommenden auf dem Laufenden und freuen uns schon, wenn wir Euch n\u00e4chste Sommersaison wieder auf unserer Anlage begr\u00fc\u00dfen d\u00fcrfen.<\/p>\n<p>Eure Tennisabteilung Illerberg\/Thal<\/p>\n<\/div>\n\t\t<\/div><\/div><\/div><div id=\"pg-gb24-69e17cb8238a4-2\"  class=\"panel-grid panel-no-style\" ><div id=\"pgc-gb24-69e17cb8238a4-2-0\"  class=\"panel-grid-cell\" ><div id=\"panel-gb24-69e17cb8238a4-2-0-0\" class=\"so-panel widget widget_sow-hero panel-first-child\" data-index=\"2\" ><div\n\t\t\t\n\t\t\tclass=\"so-widget-sow-hero so-widget-sow-hero-default-542d18df749a-24 so-widget-fittext-wrapper\"\n\t\t\t data-fit-text-compressor=\"0.85\"\n\t\t>\t\t\t\t<div class=\"sow-slider-base\" style=\"display: none\" tabindex=\"0\">\n\t\t\t\t\t<ul\n\t\t\t\t\tclass=\"sow-slider-images\"\n\t\t\t\t\tdata-settings=\"{&quot;pagination&quot;:true,&quot;speed&quot;:800,&quot;timeout&quot;:8000,&quot;paused&quot;:false,&quot;pause_on_hover&quot;:false,&quot;swipe&quot;:true,&quot;nav_always_show_desktop&quot;:&quot;&quot;,&quot;nav_always_show_mobile&quot;:&quot;&quot;,&quot;breakpoint&quot;:&quot;780px&quot;,&quot;unmute&quot;:false,&quot;anchor&quot;:null}\"\n\t\t\t\t\t\t\t\t\t\tdata-anchor-id=\"\"\n\t\t\t\t>\t\t<li class=\"sow-slider-image  sow-slider-image-cover\" style=\"visibility: visible;;background-color: #333333\" >\n\t\t\t\t\t<div class=\"sow-slider-image-container\">\n\t\t\t<div class=\"sow-slider-image-wrapper\">\n\t\t\t\t<h1 style=\"text-align: right\"><a href=\"https:\/\/www.tennis-illerberg-thal.de\/?page_id=216\">TRAINING<\/a><\/h1>\n\t\t\t<\/div>\n\t\t<\/div>\n\t\t<div class=\"sow-slider-image-overlay sow-slider-image-cover\" style=\"opacity: 0.5;background-image: url(https:\/\/www.tennis-illerberg-thal.de\/wp-content\/uploads\/2022\/06\/IMG_9911.jpg)\"  ><\/div>\t\t<\/li>\n\t\t<\/ul>\t\t\t\t<ol class=\"sow-slider-pagination\">\n\t\t\t\t\t\t\t\t\t\t\t<li><a href=\"#\" data-goto=\"0\" aria-label=\"Display slide 1\"><\/a><\/li>\n\t\t\t\t\t\t\t\t\t<\/ol>\n\n\t\t\t\t<div class=\"sow-slide-nav sow-slide-nav-next\">\n\t\t\t\t\t<a href=\"#\" data-goto=\"next\" aria-label=\"Next slide\" data-action=\"next\">\n\t\t\t\t\t\t<em class=\"sow-sld-icon-thin-right\"><\/em>\n\t\t\t\t\t<\/a>\n\t\t\t\t<\/div>\n\n\t\t\t\t<div class=\"sow-slide-nav sow-slide-nav-prev\">\n\t\t\t\t\t<a href=\"#\" data-goto=\"previous\" aria-label=\"Previous slide\" data-action=\"prev\">\n\t\t\t\t\t\t<em class=\"sow-sld-icon-thin-left\"><\/em>\n\t\t\t\t\t<\/a>\n\t\t\t\t<\/div>\n\t\t\t\t<\/div><\/div><\/div><div id=\"panel-gb24-69e17cb8238a4-2-0-1\" class=\"so-panel widget widget_sow-editor panel-last-child\" data-index=\"3\" ><div\n\t\t\t\n\t\t\tclass=\"so-widget-sow-editor so-widget-sow-editor-base\"\n\t\t\t\n\t\t><h3 class=\"widget-title\">Jugendtraining<\/h3>\n<div class=\"siteorigin-widget-tinymce textwidget\">\n\t<p>Fragen rund um die Jugend gerne unter:<\/p>\n<p><a href=\"mailto:jugendwart@tennis-illerberg-thal.de\">jugendwart@tennis-illerberg-thal.de<\/a><\/p>\n<\/div>\n<\/div><\/div><\/div><div id=\"pgc-gb24-69e17cb8238a4-2-1\"  class=\"panel-grid-cell\" ><div id=\"panel-gb24-69e17cb8238a4-2-1-0\" class=\"so-panel widget widget_sow-hero panel-first-child\" data-index=\"4\" ><div class=\"panel-widget-style panel-widget-style-for-gb24-69e17cb8238a4-2-1-0\" ><div\n\t\t\t\n\t\t\tclass=\"so-widget-sow-hero so-widget-sow-hero-default-542d18df749a-24 so-widget-fittext-wrapper\"\n\t\t\t data-fit-text-compressor=\"0.85\"\n\t\t>\t\t\t\t<div class=\"sow-slider-base\" style=\"display: none\" tabindex=\"0\">\n\t\t\t\t\t<ul\n\t\t\t\t\tclass=\"sow-slider-images\"\n\t\t\t\t\tdata-settings=\"{&quot;pagination&quot;:true,&quot;speed&quot;:800,&quot;timeout&quot;:8000,&quot;paused&quot;:false,&quot;pause_on_hover&quot;:false,&quot;swipe&quot;:true,&quot;nav_always_show_desktop&quot;:&quot;&quot;,&quot;nav_always_show_mobile&quot;:&quot;&quot;,&quot;breakpoint&quot;:&quot;780px&quot;,&quot;unmute&quot;:false,&quot;anchor&quot;:null}\"\n\t\t\t\t\t\t\t\t\t\tdata-anchor-id=\"\"\n\t\t\t\t>\t\t<li class=\"sow-slider-image  sow-slider-image-cover\" style=\"visibility: visible;;background-color: #333333\" >\n\t\t\t\t\t<div class=\"sow-slider-image-container\">\n\t\t\t<div class=\"sow-slider-image-wrapper\">\n\t\t\t\t<h1 style=\"text-align: right\">NEWS<\/h1>\n\t\t\t<\/div>\n\t\t<\/div>\n\t\t<div class=\"sow-slider-image-overlay sow-slider-image-cover\" style=\"opacity: 0.5;background-image: url(https:\/\/www.tennis-illerberg-thal.de\/wp-content\/uploads\/2022\/06\/IMG_9885.jpg)\"  ><\/div>\t\t<\/li>\n\t\t<\/ul>\t\t\t\t<ol class=\"sow-slider-pagination\">\n\t\t\t\t\t\t\t\t\t\t\t<li><a href=\"#\" data-goto=\"0\" aria-label=\"Display slide 1\"><\/a><\/li>\n\t\t\t\t\t\t\t\t\t<\/ol>\n\n\t\t\t\t<div class=\"sow-slide-nav sow-slide-nav-next\">\n\t\t\t\t\t<a href=\"#\" data-goto=\"next\" aria-label=\"Next slide\" data-action=\"next\">\n\t\t\t\t\t\t<em class=\"sow-sld-icon-thin-right\"><\/em>\n\t\t\t\t\t<\/a>\n\t\t\t\t<\/div>\n\n\t\t\t\t<div class=\"sow-slide-nav sow-slide-nav-prev\">\n\t\t\t\t\t<a href=\"#\" data-goto=\"previous\" aria-label=\"Previous slide\" data-action=\"prev\">\n\t\t\t\t\t\t<em class=\"sow-sld-icon-thin-left\"><\/em>\n\t\t\t\t\t<\/a>\n\t\t\t\t<\/div>\n\t\t\t\t<\/div><\/div><\/div><\/div><div id=\"panel-gb24-69e17cb8238a4-2-1-1\" class=\"so-panel widget widget_sow-editor panel-last-child\" data-index=\"5\" ><div\n\t\t\t\n\t\t\tclass=\"so-widget-sow-editor so-widget-sow-editor-base\"\n\t\t\t\n\t\t>\n<div class=\"siteorigin-widget-tinymce textwidget\">\n\t<\/div>\n<\/div><\/div><\/div><div id=\"pgc-gb24-69e17cb8238a4-2-2\"  class=\"panel-grid-cell\" ><div id=\"panel-gb24-69e17cb8238a4-2-2-0\" class=\"so-panel widget widget_sow-hero panel-first-child\" data-index=\"6\" ><div\n\t\t\t\n\t\t\tclass=\"so-widget-sow-hero so-widget-sow-hero-default-542d18df749a-24 so-widget-fittext-wrapper\"\n\t\t\t data-fit-text-compressor=\"0.85\"\n\t\t>\t\t\t\t<div class=\"sow-slider-base\" style=\"display: none\" tabindex=\"0\">\n\t\t\t\t\t<ul\n\t\t\t\t\tclass=\"sow-slider-images\"\n\t\t\t\t\tdata-settings=\"{&quot;pagination&quot;:true,&quot;speed&quot;:800,&quot;timeout&quot;:8000,&quot;paused&quot;:false,&quot;pause_on_hover&quot;:false,&quot;swipe&quot;:true,&quot;nav_always_show_desktop&quot;:&quot;&quot;,&quot;nav_always_show_mobile&quot;:&quot;&quot;,&quot;breakpoint&quot;:&quot;780px&quot;,&quot;unmute&quot;:false,&quot;anchor&quot;:null}\"\n\t\t\t\t\t\t\t\t\t\tdata-anchor-id=\"\"\n\t\t\t\t>\t\t<li class=\"sow-slider-image  sow-slider-image-cover\" style=\"visibility: visible;;background-color: #333333\" >\n\t\t\t\t\t<div class=\"sow-slider-image-container\">\n\t\t\t<div class=\"sow-slider-image-wrapper\">\n\t\t\t\t<h1 style=\"text-align: right\"><a href=\"https:\/\/www.tennis-illerberg-thal.de\/?page_id=16\">TERMINE<\/a><\/h1>\n\t\t\t<\/div>\n\t\t<\/div>\n\t\t<div class=\"sow-slider-image-overlay sow-slider-image-cover\" style=\"opacity: 0.5;background-image: url(https:\/\/www.tennis-illerberg-thal.de\/wp-content\/uploads\/2022\/06\/IMG_9879.jpg)\"  ><\/div>\t\t<\/li>\n\t\t<\/ul>\t\t\t\t<ol class=\"sow-slider-pagination\">\n\t\t\t\t\t\t\t\t\t\t\t<li><a href=\"#\" data-goto=\"0\" aria-label=\"Display slide 1\"><\/a><\/li>\n\t\t\t\t\t\t\t\t\t<\/ol>\n\n\t\t\t\t<div class=\"sow-slide-nav sow-slide-nav-next\">\n\t\t\t\t\t<a href=\"#\" data-goto=\"next\" aria-label=\"Next slide\" data-action=\"next\">\n\t\t\t\t\t\t<em class=\"sow-sld-icon-thin-right\"><\/em>\n\t\t\t\t\t<\/a>\n\t\t\t\t<\/div>\n\n\t\t\t\t<div class=\"sow-slide-nav sow-slide-nav-prev\">\n\t\t\t\t\t<a href=\"#\" data-goto=\"previous\" aria-label=\"Previous slide\" data-action=\"prev\">\n\t\t\t\t\t\t<em class=\"sow-sld-icon-thin-left\"><\/em>\n\t\t\t\t\t<\/a>\n\t\t\t\t<\/div>\n\t\t\t\t<\/div><\/div><\/div><div id=\"panel-gb24-69e17cb8238a4-2-2-1\" class=\"so-panel widget widget_sow-editor panel-last-child\" data-index=\"7\" ><div\n\t\t\t\n\t\t\tclass=\"so-widget-sow-editor so-widget-sow-editor-base\"\n\t\t\t\n\t\t><h3 class=\"widget-title\">Anstehende Termine:<\/h3>\n<div class=\"siteorigin-widget-tinymce textwidget\">\n\t<p>&nbsp;<\/p>\n<p>&nbsp;<\/p>\n<p>N\u00e4heres findet ihr unter <a href=\"http:\/\/www.tennis-illerberg-thal.de\/?page_id=16\">Termine<\/a><\/p>\n<\/div>\n<\/div><\/div><\/div><\/div><div id=\"pg-gb24-69e17cb8238a4-3\"  class=\"panel-grid panel-no-style\" ><div id=\"pgc-gb24-69e17cb8238a4-3-0\"  class=\"panel-grid-cell panel-grid-cell-empty panel-grid-cell-mobile-last\" ><\/div><div id=\"pgc-gb24-69e17cb8238a4-3-1\"  class=\"panel-grid-cell panel-grid-cell-empty\" ><\/div><\/div><\/div>","protected":false},"excerpt":{"rendered":"<p>Die Tennisabteilung SSV Illerberg\/Thal freut sich, \u00fcber Euren Besuch auf unserer Homepage. Die Sommersaison neigt sich dem Ende zu und auch dieses Jahr war wieder ein ereignisreiches Jahr, mit vielen tollen Spielen im Jugend- und Erwachsenenbereich. Wir hatten verschiedene Events geplant und gemeinsam mit Euch gesellige und sportliche Stunden am Tennisplatz erlebt. Nun beginnt f\u00fcr [&hellip;]<\/p>\n","protected":false},"author":1,"featured_media":0,"parent":0,"menu_order":0,"comment_status":"closed","ping_status":"closed","template":"","meta":{"advgb_blocks_editor_width":"","advgb_blocks_columns_visual_guide":"","ngg_post_thumbnail":0,"footnotes":""},"class_list":["post-24","page","type-page","status-publish","hentry","post"],"coauthors":[],"author_meta":{"author_link":"https:\/\/www.tennis-illerberg-thal.de\/?author=1","display_name":"admin"},"relative_dates":{"created":"Posted 4\u00a0Jahren ago","modified":"Updated 9\u00a0Monaten ago"},"absolute_dates":{"created":"Posted on 18. Mai 2022","modified":"Updated on 4. August 2025"},"absolute_dates_time":{"created":"Posted on 18. Mai 2022 15:16","modified":"Updated on 4. August 2025 15:53"},"featured_img_caption":"","featured_img":false,"series_order":"","_links":{"self":[{"href":"https:\/\/www.tennis-illerberg-thal.de\/index.php?rest_route=\/wp\/v2\/pages\/24","targetHints":{"allow":["GET"]}}],"collection":[{"href":"https:\/\/www.tennis-illerberg-thal.de\/index.php?rest_route=\/wp\/v2\/pages"}],"about":[{"href":"https:\/\/www.tennis-illerberg-thal.de\/index.php?rest_route=\/wp\/v2\/types\/page"}],"author":[{"embeddable":true,"href":"https:\/\/www.tennis-illerberg-thal.de\/index.php?rest_route=\/wp\/v2\/users\/1"}],"replies":[{"embeddable":true,"href":"https:\/\/www.tennis-illerberg-thal.de\/index.php?rest_route=%2Fwp%2Fv2%2Fcomments&post=24"}],"version-history":[{"count":53,"href":"https:\/\/www.tennis-illerberg-thal.de\/index.php?rest_route=\/wp\/v2\/pages\/24\/revisions"}],"predecessor-version":[{"id":643,"href":"https:\/\/www.tennis-illerberg-thal.de\/index.php?rest_route=\/wp\/v2\/pages\/24\/revisions\/643"}],"wp:attachment":[{"href":"https:\/\/www.tennis-illerberg-thal.de\/index.php?rest_route=%2Fwp%2Fv2%2Fmedia&parent=24"}],"curies":[{"name":"wp","href":"https:\/\/api.w.org\/{rel}","templated":true}]}}