{"id":216,"date":"2022-09-22T13:16:11","date_gmt":"2022-09-22T11:16:11","guid":{"rendered":"http:\/\/www.tennis-illerberg-thal.de\/?page_id=216"},"modified":"2023-05-07T19:23:56","modified_gmt":"2023-05-07T17:23:56","slug":"jugendtraining","status":"publish","type":"page","link":"https:\/\/www.tennis-illerberg-thal.de\/?page_id=216","title":{"rendered":"Jugendtraining"},"content":{"rendered":"\n<p>Unsere ausgebildeten Trainer \u00fcbernehmen die Trainingseinheiten der Jugend in unserer Abteilung. Um am Training teilzunehmen, erhaltet ihr zweimal im Jahr (Sommer- oder Wintertraining) eine Mail des Jugendwarts. In dieser Mail befinden sich alle Informationen rund um das Jugendtraining. Unter anderem enth\u00e4lt es die Information, wann das Training stattfinden soll, wer die Trainingseinheit leiten wird und was das Training voraussichtlich kosten wird. Ihr m\u00fcsst dann nur noch das angeh\u00e4ngte Formular ausf\u00fcllen und an den Jugendwart schicken. Hierbei habt Ihr noch die M\u00f6glichkeit Eure W\u00fcnsche anzugeben, die wir gerne erf\u00fcllen, wenn es die Rahmenbedingungen zulassen.<\/p>\n\n\n\n<p><\/p>\n\n\n\n<p>Ihr seid neu und wollt auch am Jugendtraining teilnehmen oder habt noch Fragen dazu, dann schreibt doch einfach an:<\/p>\n\n\n\n<p><a href=\"mailto:jugendwart@tennis-illerberg-thal.de\" target=\"_blank\" rel=\"noreferrer noopener\">jugendwart@tennis-illerberg-thal.de<\/a><\/p>\n","protected":false},"excerpt":{"rendered":"<p>Unsere ausgebildeten Trainer \u00fcbernehmen die Trainingseinheiten der Jugend in unserer Abteilung. Um am Training teilzunehmen, erhaltet ihr zweimal im Jahr (Sommer- oder Wintertraining) eine Mail des Jugendwarts. In dieser Mail befinden sich alle Informationen rund um das Jugendtraining. Unter anderem enth\u00e4lt es die Information, wann das Training stattfinden soll, wer die Trainingseinheit leiten wird und [&hellip;]<\/p>\n","protected":false},"author":1,"featured_media":0,"parent":20,"menu_order":0,"comment_status":"closed","ping_status":"closed","template":"","meta":{"advgb_blocks_editor_width":"","advgb_blocks_columns_visual_guide":"","ngg_post_thumbnail":0,"footnotes":""},"class_list":["post-216","page","type-page","status-publish","hentry","post"],"coauthors":[],"author_meta":{"author_link":"https:\/\/www.tennis-illerberg-thal.de\/?author=1","display_name":"admin"},"relative_dates":{"created":"Posted 4\u00a0Jahren ago","modified":"Updated 3\u00a0Jahren ago"},"absolute_dates":{"created":"Posted on 22. September 2022","modified":"Updated on 7. Mai 2023"},"absolute_dates_time":{"created":"Posted on 22. September 2022 13:16","modified":"Updated on 7. Mai 2023 19:23"},"featured_img_caption":"","featured_img":false,"series_order":"","_links":{"self":[{"href":"https:\/\/www.tennis-illerberg-thal.de\/index.php?rest_route=\/wp\/v2\/pages\/216","targetHints":{"allow":["GET"]}}],"collection":[{"href":"https:\/\/www.tennis-illerberg-thal.de\/index.php?rest_route=\/wp\/v2\/pages"}],"about":[{"href":"https:\/\/www.tennis-illerberg-thal.de\/index.php?rest_route=\/wp\/v2\/types\/page"}],"author":[{"embeddable":true,"href":"https:\/\/www.tennis-illerberg-thal.de\/index.php?rest_route=\/wp\/v2\/users\/1"}],"replies":[{"embeddable":true,"href":"https:\/\/www.tennis-illerberg-thal.de\/index.php?rest_route=%2Fwp%2Fv2%2Fcomments&post=216"}],"version-history":[{"count":3,"href":"https:\/\/www.tennis-illerberg-thal.de\/index.php?rest_route=\/wp\/v2\/pages\/216\/revisions"}],"predecessor-version":[{"id":458,"href":"https:\/\/www.tennis-illerberg-thal.de\/index.php?rest_route=\/wp\/v2\/pages\/216\/revisions\/458"}],"up":[{"embeddable":true,"href":"https:\/\/www.tennis-illerberg-thal.de\/index.php?rest_route=\/wp\/v2\/pages\/20"}],"wp:attachment":[{"href":"https:\/\/www.tennis-illerberg-thal.de\/index.php?rest_route=%2Fwp%2Fv2%2Fmedia&parent=216"}],"curies":[{"name":"wp","href":"https:\/\/api.w.org\/{rel}","templated":true}]}}