{"id":214,"date":"2022-09-22T13:15:43","date_gmt":"2022-09-22T11:15:43","guid":{"rendered":"http:\/\/www.tennis-illerberg-thal.de\/?page_id=214"},"modified":"2023-05-07T19:00:35","modified_gmt":"2023-05-07T17:00:35","slug":"datenschutz","status":"publish","type":"page","link":"https:\/\/www.tennis-illerberg-thal.de\/?page_id=214","title":{"rendered":"Datenschutz"},"content":{"rendered":"\n<p>Damit in unserer Abteilung von Anfang an alles reibunglos l\u00e4uft, f\u00fcllt bitte einfach auch unsere Datenschutzerkl\u00e4rung aus und lasst uns diese zukommen. <\/p>\n\n\n\n<p>Entweder gebt ihr die Erkl\u00e4rung direkt am Tennisplatz ab oder schickt diese per Mail an <a href=\"mailto:kassenwart@tennis-illerberg-thal.de\" target=\"_blank\" rel=\"noreferrer noopener\">kassenwart@tennis-illerberg-thal.de<\/a><\/p>\n\n\n\n<p><\/p>\n\n\n\n<p>Hier geht\u00b4s zur <a href=\"https:\/\/www.tennis-illerberg-thal.de\/wp-content\/uploads\/2023\/03\/Einwilligungserklaerung-Datenschutz.pdf\" data-type=\"attachment\" data-id=\"287\">Datenschutzerkl\u00e4rung<\/a><\/p>\n\n\n\n<p><\/p>\n\n\n\n<p>Bei Fragen oder Unklarheiten schickt einfach eine Mail an <\/p>\n\n\n\n<p><a href=\"mailto:abteilungleitung@tennis-illerberg-thal.de\" target=\"_blank\" rel=\"noreferrer noopener\">abteilungleitung@tennis-illerberg-thal.de<\/a><\/p>\n","protected":false},"excerpt":{"rendered":"<p>Damit in unserer Abteilung von Anfang an alles reibunglos l\u00e4uft, f\u00fcllt bitte einfach auch unsere Datenschutzerkl\u00e4rung aus und lasst uns diese zukommen. Entweder gebt ihr die Erkl\u00e4rung direkt am Tennisplatz ab oder schickt diese per Mail an kassenwart@tennis-illerberg-thal.de Hier geht\u00b4s zur Datenschutzerkl\u00e4rung Bei Fragen oder Unklarheiten schickt einfach eine Mail an abteilungleitung@tennis-illerberg-thal.de<\/p>\n","protected":false},"author":1,"featured_media":0,"parent":8,"menu_order":0,"comment_status":"closed","ping_status":"closed","template":"","meta":{"advgb_blocks_editor_width":"","advgb_blocks_columns_visual_guide":"","ngg_post_thumbnail":0,"footnotes":""},"class_list":["post-214","page","type-page","status-publish","hentry","post"],"coauthors":[],"author_meta":{"author_link":"https:\/\/www.tennis-illerberg-thal.de\/?author=1","display_name":"admin"},"relative_dates":{"created":"Posted 4\u00a0Jahren ago","modified":"Updated 3\u00a0Jahren ago"},"absolute_dates":{"created":"Posted on 22. September 2022","modified":"Updated on 7. Mai 2023"},"absolute_dates_time":{"created":"Posted on 22. September 2022 13:15","modified":"Updated on 7. Mai 2023 19:00"},"featured_img_caption":"","featured_img":false,"series_order":"","_links":{"self":[{"href":"https:\/\/www.tennis-illerberg-thal.de\/index.php?rest_route=\/wp\/v2\/pages\/214","targetHints":{"allow":["GET"]}}],"collection":[{"href":"https:\/\/www.tennis-illerberg-thal.de\/index.php?rest_route=\/wp\/v2\/pages"}],"about":[{"href":"https:\/\/www.tennis-illerberg-thal.de\/index.php?rest_route=\/wp\/v2\/types\/page"}],"author":[{"embeddable":true,"href":"https:\/\/www.tennis-illerberg-thal.de\/index.php?rest_route=\/wp\/v2\/users\/1"}],"replies":[{"embeddable":true,"href":"https:\/\/www.tennis-illerberg-thal.de\/index.php?rest_route=%2Fwp%2Fv2%2Fcomments&post=214"}],"version-history":[{"count":5,"href":"https:\/\/www.tennis-illerberg-thal.de\/index.php?rest_route=\/wp\/v2\/pages\/214\/revisions"}],"predecessor-version":[{"id":448,"href":"https:\/\/www.tennis-illerberg-thal.de\/index.php?rest_route=\/wp\/v2\/pages\/214\/revisions\/448"}],"up":[{"embeddable":true,"href":"https:\/\/www.tennis-illerberg-thal.de\/index.php?rest_route=\/wp\/v2\/pages\/8"}],"wp:attachment":[{"href":"https:\/\/www.tennis-illerberg-thal.de\/index.php?rest_route=%2Fwp%2Fv2%2Fmedia&parent=214"}],"curies":[{"name":"wp","href":"https:\/\/api.w.org\/{rel}","templated":true}]}}