{"id":20,"date":"2022-05-18T15:15:45","date_gmt":"2022-05-18T13:15:45","guid":{"rendered":"http:\/\/www.tennis-illerberg-thal.de\/?page_id=20"},"modified":"2023-05-07T19:11:01","modified_gmt":"2023-05-07T17:11:01","slug":"training","status":"publish","type":"page","link":"https:\/\/www.tennis-illerberg-thal.de\/?page_id=20","title":{"rendered":"Training"},"content":{"rendered":"\n<p>Unsere Mannschaftsspieler, aber auch unsere Hobbyspieler haben die M\u00f6glichkeit auf unserer Anlage zu trainieren, um sich weiterzuentwickeln, sich fit zu halten und nat\u00fcrlich um gemeinsam Spa\u00df zu haben.<\/p>\n\n\n\n<p>Ihr wisst nicht wann?<\/p>\n\n\n\n<p>Hier geht es zu den <a href=\"https:\/\/www.tennis-illerberg-thal.de\/?page_id=232\" data-type=\"page\" data-id=\"232\">Trainingstagen<\/a> der einzelnen Mannschaften.<\/p>\n\n\n\n<p>Ihr h\u00e4ttet gerne Training mit einem Trainer? Dann schreibt bitte eine Mail an <a href=\"mailto:jugendwart@tennis-illerberg-thal.de\" target=\"_blank\" rel=\"noreferrer noopener\">jugendwart@tennis-illerberg-thal.de<\/a><\/p>\n","protected":false},"excerpt":{"rendered":"<p>Unsere Mannschaftsspieler, aber auch unsere Hobbyspieler haben die M\u00f6glichkeit auf unserer Anlage zu trainieren, um sich weiterzuentwickeln, sich fit zu halten und nat\u00fcrlich um gemeinsam Spa\u00df zu haben. Ihr wisst nicht wann? Hier geht es zu den Trainingstagen der einzelnen Mannschaften. Ihr h\u00e4ttet gerne Training mit einem Trainer? Dann schreibt bitte eine Mail an jugendwart@tennis-illerberg-thal.de<\/p>\n","protected":false},"author":1,"featured_media":0,"parent":0,"menu_order":0,"comment_status":"closed","ping_status":"closed","template":"","meta":{"advgb_blocks_editor_width":"","advgb_blocks_columns_visual_guide":"","ngg_post_thumbnail":0,"footnotes":""},"class_list":["post-20","page","type-page","status-publish","hentry","post"],"coauthors":[],"author_meta":{"author_link":"https:\/\/www.tennis-illerberg-thal.de\/?author=1","display_name":"admin"},"relative_dates":{"created":"Posted 4\u00a0Jahren ago","modified":"Updated 3\u00a0Jahren ago"},"absolute_dates":{"created":"Posted on 18. Mai 2022","modified":"Updated on 7. Mai 2023"},"absolute_dates_time":{"created":"Posted on 18. Mai 2022 15:15","modified":"Updated on 7. Mai 2023 19:11"},"featured_img_caption":"","featured_img":false,"series_order":"","_links":{"self":[{"href":"https:\/\/www.tennis-illerberg-thal.de\/index.php?rest_route=\/wp\/v2\/pages\/20","targetHints":{"allow":["GET"]}}],"collection":[{"href":"https:\/\/www.tennis-illerberg-thal.de\/index.php?rest_route=\/wp\/v2\/pages"}],"about":[{"href":"https:\/\/www.tennis-illerberg-thal.de\/index.php?rest_route=\/wp\/v2\/types\/page"}],"author":[{"embeddable":true,"href":"https:\/\/www.tennis-illerberg-thal.de\/index.php?rest_route=\/wp\/v2\/users\/1"}],"replies":[{"embeddable":true,"href":"https:\/\/www.tennis-illerberg-thal.de\/index.php?rest_route=%2Fwp%2Fv2%2Fcomments&post=20"}],"version-history":[{"count":13,"href":"https:\/\/www.tennis-illerberg-thal.de\/index.php?rest_route=\/wp\/v2\/pages\/20\/revisions"}],"predecessor-version":[{"id":452,"href":"https:\/\/www.tennis-illerberg-thal.de\/index.php?rest_route=\/wp\/v2\/pages\/20\/revisions\/452"}],"wp:attachment":[{"href":"https:\/\/www.tennis-illerberg-thal.de\/index.php?rest_route=%2Fwp%2Fv2%2Fmedia&parent=20"}],"curies":[{"name":"wp","href":"https:\/\/api.w.org\/{rel}","templated":true}]}}