{"id":16,"date":"2022-05-18T15:15:13","date_gmt":"2022-05-18T13:15:13","guid":{"rendered":"http:\/\/www.tennis-illerberg-thal.de\/?page_id=16"},"modified":"2025-11-22T11:31:23","modified_gmt":"2025-11-22T10:31:23","slug":"termine","status":"publish","type":"page","link":"https:\/\/www.tennis-illerberg-thal.de\/?page_id=16","title":{"rendered":"Termine"},"content":{"rendered":"\n<h2 class=\"wp-block-heading has-text-align-center\"><mark style=\"background-color:rgba(0, 0, 0, 0)\" class=\"has-inline-color has-vivid-cyan-blue-color\">Christbaumverkauf<\/mark><\/h2>\n\n\n\n<p>Am <strong>Samstag, 06.12.2025<\/strong> von <strong>13:00 Uhr bis 16:00 Uhr<\/strong> findet unser diesj\u00e4hriger Christbaumverkauf mit Gl\u00fcwein, Punsch und weihnachtlichem Geb\u00e4ck statt.<\/p>\n\n\n\n<p>Wie auch das letzte Jahr, bitte die B\u00e4ume bis 26.11.2025 vorab per Mail unter <a href=\"mailto:christbaumverkauf@tennis-illerberg-thal.de\">christbaumverkauf@tennis-illerberg-thal.de<\/a> bestellen. <\/p>\n\n\n\n<figure class=\"wp-block-table\"><table class=\"has-fixed-layout\"><tbody><tr><td class=\"has-text-align-center\" data-align=\"center\"><mark style=\"background-color:rgba(0, 0, 0, 0)\" class=\"has-inline-color has-vivid-cyan-blue-color\">Baumart<\/mark><\/td><td class=\"has-text-align-center\" data-align=\"center\"><mark style=\"background-color:rgba(0, 0, 0, 0)\" class=\"has-inline-color has-vivid-cyan-blue-color\">Gr\u00f6\u00dfe<\/mark><\/td><td class=\"has-text-align-center\" data-align=\"center\"><mark style=\"background-color:rgba(0, 0, 0, 0)\" class=\"has-inline-color has-vivid-cyan-blue-color\">Preis<\/mark><\/td><\/tr><tr><td class=\"has-text-align-center\" data-align=\"center\">Nordmanntanne<\/td><td class=\"has-text-align-center\" data-align=\"center\">1,00 m &#8211; 1,50 m<\/td><td class=\"has-text-align-center\" data-align=\"center\">29,00 Euro<\/td><\/tr><tr><td class=\"has-text-align-center\" data-align=\"center\">Nordmanntanne<\/td><td class=\"has-text-align-center\" data-align=\"center\">1,50 m &#8211; 2,00 m<\/td><td class=\"has-text-align-center\" data-align=\"center\">38,00 Euro<\/td><\/tr><tr><td class=\"has-text-align-center\" data-align=\"center\">Nordmanntanne<\/td><td class=\"has-text-align-center\" data-align=\"center\">2,00 m &#8211; 2,50 m<\/td><td class=\"has-text-align-center\" data-align=\"center\">42,00 Euro<\/td><\/tr><\/tbody><\/table><\/figure>\n\n\n\n<p><\/p>\n","protected":false},"excerpt":{"rendered":"<p>Christbaumverkauf Am Samstag, 06.12.2025 von 13:00 Uhr bis 16:00 Uhr findet unser diesj\u00e4hriger Christbaumverkauf mit Gl\u00fcwein, Punsch und weihnachtlichem Geb\u00e4ck statt. Wie auch das letzte Jahr, bitte die B\u00e4ume bis 26.11.2025 vorab per Mail unter christbaumverkauf@tennis-illerberg-thal.de bestellen. Baumart Gr\u00f6\u00dfe Preis Nordmanntanne 1,00 m &#8211; 1,50 m 29,00 Euro Nordmanntanne 1,50 m &#8211; 2,00 m 38,00 [&hellip;]<\/p>\n","protected":false},"author":1,"featured_media":0,"parent":0,"menu_order":0,"comment_status":"closed","ping_status":"closed","template":"","meta":{"advgb_blocks_editor_width":"","advgb_blocks_columns_visual_guide":"","ngg_post_thumbnail":0,"footnotes":""},"class_list":["post-16","page","type-page","status-publish","hentry","post"],"coauthors":[],"author_meta":{"author_link":"https:\/\/www.tennis-illerberg-thal.de\/?author=1","display_name":"admin"},"relative_dates":{"created":"Posted 4\u00a0Jahren ago","modified":"Updated 5\u00a0Monaten ago"},"absolute_dates":{"created":"Posted on 18. Mai 2022","modified":"Updated on 22. November 2025"},"absolute_dates_time":{"created":"Posted on 18. Mai 2022 15:15","modified":"Updated on 22. November 2025 11:31"},"featured_img_caption":"","featured_img":false,"series_order":"","_links":{"self":[{"href":"https:\/\/www.tennis-illerberg-thal.de\/index.php?rest_route=\/wp\/v2\/pages\/16","targetHints":{"allow":["GET"]}}],"collection":[{"href":"https:\/\/www.tennis-illerberg-thal.de\/index.php?rest_route=\/wp\/v2\/pages"}],"about":[{"href":"https:\/\/www.tennis-illerberg-thal.de\/index.php?rest_route=\/wp\/v2\/types\/page"}],"author":[{"embeddable":true,"href":"https:\/\/www.tennis-illerberg-thal.de\/index.php?rest_route=\/wp\/v2\/users\/1"}],"replies":[{"embeddable":true,"href":"https:\/\/www.tennis-illerberg-thal.de\/index.php?rest_route=%2Fwp%2Fv2%2Fcomments&post=16"}],"version-history":[{"count":48,"href":"https:\/\/www.tennis-illerberg-thal.de\/index.php?rest_route=\/wp\/v2\/pages\/16\/revisions"}],"predecessor-version":[{"id":652,"href":"https:\/\/www.tennis-illerberg-thal.de\/index.php?rest_route=\/wp\/v2\/pages\/16\/revisions\/652"}],"wp:attachment":[{"href":"https:\/\/www.tennis-illerberg-thal.de\/index.php?rest_route=%2Fwp%2Fv2%2Fmedia&parent=16"}],"curies":[{"name":"wp","href":"https:\/\/api.w.org\/{rel}","templated":true}]}}